{"id":25,"date":"2026-02-05T19:11:58","date_gmt":"2026-02-05T19:11:58","guid":{"rendered":"https:\/\/kingperle.website-kandel.de\/index.php\/drucktechniken\/"},"modified":"2026-04-22T18:00:53","modified_gmt":"2026-04-22T18:00:53","slug":"textilveredelung","status":"publish","type":"page","link":"https:\/\/kingperle.website-kandel.de\/index.php\/textilveredelung\/","title":{"rendered":"Textilveredelung"},"content":{"rendered":"<div class=\"et_pb_section_0 et_pb_section et_section_regular et_flex_section\">\n<div class=\"et_pb_row_0 et_pb_row et_flex_row\">\n<div class=\"et_pb_column_0 et_pb_column et-last-child et_flex_column et_pb_css_mix_blend_mode_passthrough et_flex_column_24_24 et_flex_column_24_24_tablet et_flex_column_24_24_phone\">\n<div class=\"et_pb_heading_0 et_pb_heading et_pb_module et_block_module\"><div class=\"et_pb_heading_container\"><h3 class=\"et_pb_module_header\">Textilveredelung \u00b7 Werbetechnik \u00b7 Textilverkauf<\/h3><\/div><\/div>\n\n<div class=\"et_pb_heading_1 et_pb_heading et_pb_module et_block_module\"><div class=\"et_pb_heading_container\"><h1 class=\"et_pb_module_header\">Textilveredelung<\/h1><\/div><\/div>\n\n<div class=\"et_pb_heading_2 et_pb_heading et_pb_module et_block_module\"><div class=\"et_pb_heading_container\"><h3 class=\"et_pb_module_header\">Textilveredelung die begeistert<\/h3><\/div><\/div>\n\n<div class=\"et_pb_text_0 et_pb_text et_pb_bg_layout_light et_pb_module et_block_module\"><div class=\"et_pb_text_inner\"><p>Mit unserer <strong>Textilveredelung<\/strong> machst du aus einfachen Textilien echte Lieblingsst\u00fccke - perfekt f\u00fcr Unternehmen, Vereine und private Projekte in Rheinzabern, Offenbach an der Queich, Kandel und der gesamten S\u00fcdpfalz.<\/p>\n<p>Ob <strong>Textildruck<\/strong> mit Flex oder Flock, hochwertige Stickerei, detailreiche DTG\u2011Drucke oder flexible DTF\u2011Transfers: Wir w\u00e4hlen gemeinsam mit dir das Verfahren, das am besten zu deinem Motiv,<br \/>\ndeinem Budget und deinem Einsatzzweck passt.<\/p>\n<\/div><\/div>\n<\/div>\n<\/div>\n<\/div>\n\n<div class=\"et_pb_section_1 et_pb_section et_section_regular et_flex_section\">\n<div class=\"et_pb_row_1 et_pb_row et_flex_row\">\n<div class=\"et_pb_column_1 et_pb_column et_flex_column et_pb_css_mix_blend_mode_passthrough et_flex_column_3_5 et_flex_column_3_5_tablet et_flex_column_24_24_phone\">\n<div class=\"et_pb_text_1 et_pb_text et_pb_bg_layout_light et_pb_module et_flex_module preset--module--divi-text--0ufibnyhvn\"><div class=\"et_pb_text_inner\"><h2>Perfekt f\u00fcr Firmenkleidung, Vereinskleidung &amp; individuelle Kleidung<\/h2>\n<p>Wir statten dich mit einheitlicher <strong>Firmenkleidung<\/strong> f\u00fcr dein Team,<br \/>\nprofessioneller <strong>Vereinskleidung<\/strong> f\u00fcr deinen Sport\u2011 oder Musikverein sowie individueller Kleidung f\u00fcr Events, Junggesellenabschiede oder Promotion\u2011Aktionen aus. Durch unsere regionale N\u00e4he<br \/>\nin Rheinzabern und Offenbach an der Queich sind kurze Wege, direkte Abstimmung und schnelle Nachbestellungen m\u00f6glich.<\/p>\n<\/div><\/div>\n\n<div class=\"et_pb_module et_pb_button_module_wrapper et_pb_button_0_wrapper preset--module--divi-button--default_wrapper\"><a class=\"et_pb_button_0 et_pb_button et_pb_bg_layout_light et_pb_module et_flex_module preset--module--divi-button--default\" href=\"\">Angebot f\u00fcr Textilveredelung anfordern<\/a><\/div>\n<\/div>\n\n<div class=\"et_pb_column_2 et_pb_column et-last-child et_flex_column et_pb_css_mix_blend_mode_passthrough et_flex_column_2_5 et_flex_column_2_5_tablet et_flex_column_24_24_phone\">\n<div class=\"et_pb_image_0 et_pb_image et_pb_module et_flex_module\"><span class=\"et_pb_image_wrap\"><img loading=\"lazy\" decoding=\"async\" src=\"https:\/\/kingperle.website-kandel.de\/wp-content\/uploads\/2026\/04\/Model_01.png\" title=\"Model_01\" width=\"595\" height=\"768\" srcset=\"https:\/\/kingperle.website-kandel.de\/wp-content\/uploads\/2026\/04\/Model_01.png 595w, https:\/\/kingperle.website-kandel.de\/wp-content\/uploads\/2026\/04\/Model_01-480x620.png 480w\" sizes=\"(min-width: 0px) and (max-width: 480px) 480px, (min-width: 481px) 595px, 100vw\" class=\"wp-image-864\" \/><\/span><\/div>\n<\/div>\n<\/div>\n<\/div>","protected":false},"excerpt":{"rendered":"","protected":false},"author":1,"featured_media":0,"parent":0,"menu_order":0,"comment_status":"closed","ping_status":"closed","template":"","meta":{"footnotes":""},"class_list":["post-25","page","type-page","status-publish","hentry"],"_links":{"self":[{"href":"https:\/\/kingperle.website-kandel.de\/index.php\/wp-json\/wp\/v2\/pages\/25","targetHints":{"allow":["GET"]}}],"collection":[{"href":"https:\/\/kingperle.website-kandel.de\/index.php\/wp-json\/wp\/v2\/pages"}],"about":[{"href":"https:\/\/kingperle.website-kandel.de\/index.php\/wp-json\/wp\/v2\/types\/page"}],"author":[{"embeddable":true,"href":"https:\/\/kingperle.website-kandel.de\/index.php\/wp-json\/wp\/v2\/users\/1"}],"replies":[{"embeddable":true,"href":"https:\/\/kingperle.website-kandel.de\/index.php\/wp-json\/wp\/v2\/comments?post=25"}],"version-history":[{"count":42,"href":"https:\/\/kingperle.website-kandel.de\/index.php\/wp-json\/wp\/v2\/pages\/25\/revisions"}],"predecessor-version":[{"id":865,"href":"https:\/\/kingperle.website-kandel.de\/index.php\/wp-json\/wp\/v2\/pages\/25\/revisions\/865"}],"wp:attachment":[{"href":"https:\/\/kingperle.website-kandel.de\/index.php\/wp-json\/wp\/v2\/media?parent=25"}],"curies":[{"name":"wp","href":"https:\/\/api.w.org\/{rel}","templated":true}]}}