{"id":19,"date":"2026-02-05T19:06:42","date_gmt":"2026-02-05T19:06:42","guid":{"rendered":"https:\/\/kingperle.website-kandel.de\/index.php\/home\/"},"modified":"2026-04-22T17:30:59","modified_gmt":"2026-04-22T17:30:59","slug":"home","status":"publish","type":"page","link":"https:\/\/kingperle.website-kandel.de\/","title":{"rendered":"Home"},"content":{"rendered":"<div class=\"et_pb_section_0 et_pb_section et_section_regular et_flex_section\">\n<div class=\"et_pb_row_0 et_pb_row et_flex_row\">\n<div class=\"et_pb_column_0 et_pb_column et_flex_column et_pb_css_mix_blend_mode_passthrough et_flex_column_16_24 et_flex_column_16_24_tablet et_flex_column_24_24_phone\">\n<div class=\"et_pb_row_1 et_pb_row et_pb_row_nested et_flex_row\">\n<div class=\"et_pb_column_1 et_pb_column et-last-child et_flex_column et_pb_css_mix_blend_mode_passthrough et_flex_column_24_24 et_flex_column_24_24_tablet et_flex_column_24_24_phone\">\n<div class=\"et_pb_heading_0 et_pb_heading et_pb_module et_flex_module\"><div class=\"et_pb_heading_container\"><h3 class=\"et_pb_module_header\">Textilveredelung \u00b7 Werbetechnik \u00b7 Textilverkauf<\/h3><\/div><\/div>\n\n<div class=\"et_pb_heading_1 et_pb_heading et_pb_module et_flex_module\"><div class=\"et_pb_heading_container\"><h1 class=\"et_pb_module_header\">Deine Marke. Perfekt in Szene gesetzt.<\/h1><\/div><\/div>\n\n<div class=\"et_pb_heading_2 et_pb_heading et_pb_module et_flex_module\"><div class=\"et_pb_heading_container\"><h3 class=\"et_pb_module_header\">Textildruck der begeistert<\/h3><\/div><\/div>\n\n<div class=\"et_pb_text_0 et_pb_text et_pb_bg_layout_light et_pb_module et_flex_module\"><div class=\"et_pb_text_inner\"><p>Von der Idee bis zum fertigen Produkt \u2013 Kingperle Design ist Ihr Spezialist f\u00fcr hochwertige Textilveredelung, professionelle Werbetechnik und erstklassigen Textilverkauf. Wir machen Ihre Marke sichtbar.<\/p>\n<\/div><\/div>\n<\/div>\n<\/div>\n\n<div class=\"et_pb_row_2 et_pb_row et_pb_row_nested et_block_row et_flex_column_24_24_phone\">\n<div class=\"et_pb_column_2 et_pb_column et_pb_column_4_4 et-last-child et_flex_column et_pb_css_mix_blend_mode_passthrough\">\n<div class=\"et_pb_module et_pb_button_module_wrapper et_pb_button_0_wrapper preset--module--divi-button--default_wrapper\"><a class=\"et_pb_button_0 et_pb_button et_pb_bg_layout_light et_pb_module et_flex_module preset--module--divi-button--default\" href=\"\">Angebot anforden<\/a><\/div>\n\n<div class=\"et_pb_module et_pb_button_module_wrapper et_pb_button_1_wrapper preset--module--divi-button--default_wrapper\"><a class=\"et_pb_button_1 et_pb_button et_pb_bg_layout_light et_pb_module et_flex_module preset--module--divi-button--default\" href=\"\">Unserere Leistungen<\/a><\/div>\n<\/div>\n<\/div>\n<\/div>\n\n<div class=\"et_pb_column_3 et_pb_column et-last-child et_flex_column et_pb_css_mix_blend_mode_passthrough et_flex_column_8_24 et_flex_column_8_24_tablet et_flex_column_24_24_phone\">\n<div class=\"et_pb_image_0 et_pb_image et_animated et_pb_module et_flex_module\"><span class=\"et_pb_image_wrap\"><img loading=\"lazy\" decoding=\"async\" src=\"https:\/\/kingperle.website-kandel.de\/wp-content\/uploads\/2026\/04\/Logo_Kingperle_Verlauf.png\" title=\"Logo_Kingperle_Verlauf\" width=\"490\" height=\"319\" srcset=\"https:\/\/kingperle.website-kandel.de\/wp-content\/uploads\/2026\/04\/Logo_Kingperle_Verlauf.png 490w, https:\/\/kingperle.website-kandel.de\/wp-content\/uploads\/2026\/04\/Logo_Kingperle_Verlauf-480x312.png 480w\" sizes=\"(min-width: 0px) and (max-width: 480px) 480px, (min-width: 481px) 490px, 100vw\" class=\"wp-image-826\" \/><\/span><\/div>\n<\/div>\n<\/div>\n<\/div>\n\n<div class=\"et_pb_section_1 et_pb_section et_section_regular et_flex_section\">\n<div class=\"et_pb_row_3 et_pb_row et_flex_row\">\n<div class=\"et_pb_column_4 et_pb_column et-last-child et_flex_column et_pb_css_mix_blend_mode_passthrough et_flex_column_24_24 et_flex_column_24_24_tablet et_flex_column_24_24_phone\">\n<div class=\"et_pb_row_4 et_pb_row et_pb_row_nested et_flex_row\">\n<div class=\"et_pb_column_5 et_pb_column et-last-child et_flex_column et_pb_css_mix_blend_mode_passthrough et_flex_column_24_24 et_flex_column_24_24_tablet et_flex_column_24_24_phone\">\n<ul class=\"et_pb_icon_list_0 et_pb_icon_list et_pb_module et_flex_module\">\n<li class=\"et_pb_icon_list_item_0 et_pb_icon_list_item et_pb_module et_flex_module\"><span class=\"et-pb-icon\">\uf005<\/span><div class=\"et_pb_icon_list_text\">Textilveredelung<\/div><\/li>\n\n<li class=\"et_pb_icon_list_item_1 et_pb_icon_list_item et_pb_module et_flex_module\"><span class=\"et-pb-icon\">\uf005<\/span><div class=\"et_pb_icon_list_text\">Werbetechnik<\/div><\/li>\n\n<li class=\"et_pb_icon_list_item_2 et_pb_icon_list_item et_pb_module et_flex_module\"><span class=\"et-pb-icon\">\uf005<\/span><div class=\"et_pb_icon_list_text\">Textilverkauf<\/div><\/li>\n<\/ul>\n<\/div>\n<\/div>\n\n<div class=\"et_pb_row_5 et_pb_row et_pb_row_nested et_flex_row\">\n<div class=\"et_pb_column_6 et_pb_column et_flex_column et_pb_css_mix_blend_mode_passthrough et_flex_column_8_24 et_flex_column_8_24_tablet et_flex_column_24_24_phone\">\n<div class=\"et_pb_number_counter_0 et_pb_number_counter et_pb_bg_layout_light et_pb_text_align_center et_pb_with_title et_pb_module et_flex_module preset--module--divi-number-counter--01aw17f6re\"><div class=\"percent\"><p><span class=\"percent-value\"><\/span><span class=\"percent-sign\"><\/span><\/p><\/div><h3 class=\"title\">zufriedene Kunden<\/h3><\/div>\n<\/div>\n\n<div class=\"et_pb_column_7 et_pb_column et_flex_column et_pb_css_mix_blend_mode_passthrough et_flex_column_8_24 et_flex_column_8_24_tablet et_flex_column_24_24_phone\">\n<div class=\"et_pb_number_counter_1 et_pb_number_counter et_pb_bg_layout_light et_pb_text_align_center et_pb_with_title et_pb_module et_flex_module preset--module--divi-number-counter--01aw17f6re\"><div class=\"percent\"><p><span class=\"percent-value\"><\/span><span class=\"percent-sign\"><\/span><\/p><\/div><h3 class=\"title\">Jahre Erfahrung<\/h3><\/div>\n<\/div>\n\n<div class=\"et_pb_column_8 et_pb_column et-last-child et_flex_column et_pb_css_mix_blend_mode_passthrough et_flex_column_8_24 et_flex_column_8_24_tablet et_flex_column_24_24_phone\">\n<div class=\"et_pb_number_counter_2 et_pb_number_counter et_pb_bg_layout_light et_pb_text_align_center et_pb_with_title et_pb_module et_flex_module preset--module--divi-number-counter--01aw17f6re\"><div class=\"percent\"><p><span class=\"percent-value\"><\/span><span class=\"percent-sign\"><\/span><\/p><\/div><h3 class=\"title\">Projekte<\/h3><\/div>\n<\/div>\n<\/div>\n<\/div>\n<\/div>\n<\/div>\n\n<div class=\"et_pb_section_2 et_pb_section et_section_regular et_flex_section\">\n<div class=\"et_pb_row_6 et_pb_row et_flex_row\">\n<div class=\"et_pb_column_9 et_pb_column et-last-child et_flex_column et_pb_css_mix_blend_mode_passthrough et_flex_column_24_24 et_flex_column_24_24_tablet et_flex_column_24_24_phone\">\n<div class=\"et_pb_text_1 et_pb_text et_pb_bg_layout_light et_pb_module et_flex_module preset--module--divi-text--9t6qnuuuh0\"><div class=\"et_pb_text_inner\"><h2>Unsere Leistungen<\/h2>\n<h3>Was wir f\u00fcr Sie <span class=\"gradient-word\">tun k\u00f6nnen<\/span><\/h3>\n<p>Von der Idee bis zum fertigen Produkt \u2013 wir begleiten Sie mit modernster Technik und jahrelanger Erfahrung.<\/p>\n<\/div><\/div>\n<\/div>\n<\/div>\n\n<div class=\"et_pb_row_7 et_pb_row et_block_row\">\n<div class=\"et_pb_column_10 et_pb_column et_pb_column_4_4 et-last-child et_grid_column et_pb_css_mix_blend_mode_passthrough\">\n<div class=\"et_pb_blurb_0 et_pb_blurb et_pb_bg_layout_light et_pb_blurb_position_top et_pb_module et_grid_module preset--module--divi-blurb--default\"><div class=\"et_pb_blurb_content et_grid_module\"><div class=\"et_pb_main_blurb_image\"><span class=\"et_pb_image_wrap\"><span class=\"et-pb-icon et_animated et_animated\">\ue0fa<\/span><\/span><\/div><div class=\"et_pb_blurb_container\"><h3 class=\"et_pb_module_header\">Textilveredelung & Textildruck<\/h3><div class=\"et_pb_blurb_description\"><p>Wir veredeln T\u2011Shirts, Hoodies, Polos, Jacken, Caps und mehr mit Flex, Flock, Stick, DTG und DTF.<\/p>\n<p>Ideal f\u00fcr langlebige <strong>Firmenkleidung<\/strong>, einheitliche <strong>Vereinskleidung<\/strong> und individuelle Kleidung f\u00fcr spezielle Anl\u00e4sse in der Region Rheinzabern, Offenbach &amp; der S\u00fcdpfalz.<\/p>\n<\/div><\/div>\n<div class=\"et_pb_module et_pb_button_module_wrapper et_pb_button_2_wrapper preset--module--divi-button--03brb8sgj7_wrapper\"><a class=\"et_pb_button_2 et_pb_button et_pb_bg_layout_light et_pb_module et_flex_module preset--module--divi-button--03brb8sgj7\" href=\"\" data-icon=\"$\">mehr<\/a><\/div>\n<\/div><\/div>\n\n<div class=\"et_pb_blurb_1 et_pb_blurb et_pb_bg_layout_light et_pb_blurb_position_top et_pb_module et_grid_module preset--module--divi-blurb--default\"><div class=\"et_pb_blurb_content et_grid_module\"><div class=\"et_pb_main_blurb_image\"><span class=\"et_pb_image_wrap\"><span class=\"et-pb-icon et_animated et_animated\">\uf5e4<\/span><\/span><\/div><div class=\"et_pb_blurb_container\"><h3 class=\"et_pb_module_header\">Werbetechnik & Au\u00dfenauftritt<\/h3><div class=\"et_pb_blurb_description\"><p>Mit Bannern, Schildern, Fahrzeugbeschriftungen und Schaufensterfolien machen wir deine Marke sichtbar - auf der Stra\u00dfe, an deinem Standort und bei Veranstaltungen in der S\u00fcdpfalz.<\/p>\n<\/div><\/div>\n<div class=\"et_pb_module et_pb_button_module_wrapper et_pb_button_3_wrapper preset--module--divi-button--03brb8sgj7_wrapper\"><a class=\"et_pb_button_3 et_pb_button et_pb_bg_layout_light et_pb_module et_flex_module preset--module--divi-button--03brb8sgj7\" href=\"\" data-icon=\"$\">mehr<\/a><\/div>\n<\/div><\/div>\n\n<div class=\"et_pb_blurb_2 et_pb_blurb et_pb_bg_layout_light et_pb_blurb_position_top et_pb_module et_grid_module preset--module--divi-blurb--default\"><div class=\"et_pb_blurb_content et_grid_module\"><div class=\"et_pb_main_blurb_image\"><span class=\"et_pb_image_wrap\"><span class=\"et-pb-icon et_animated et_animated\">\uf553<\/span><\/span><\/div><div class=\"et_pb_blurb_container\"><h3 class=\"et_pb_module_header\">Textilverkauf & Sortiment<\/h3><div class=\"et_pb_blurb_description\"><p>Wir beraten dich bei der Auswahl von <strong>Arbeitskleidung<\/strong, <strong>Vereinskleidung<\/strong> und Merchandise\u2011Textilien. Du erh\u00e4ltst passende Marken, Schnitte und Farben,<br \/>\n        die sich optimal f\u00fcr die anschlie\u00dfende Veredelung eignen.<\/p>\n<\/div><\/div>\n<div class=\"et_pb_module et_pb_button_module_wrapper et_pb_button_4_wrapper preset--module--divi-button--03brb8sgj7_wrapper\"><a class=\"et_pb_button_4 et_pb_button et_pb_bg_layout_light et_pb_module et_flex_module preset--module--divi-button--03brb8sgj7\" href=\"\" data-icon=\"$\">mehr<\/a><\/div>\n<\/div><\/div>\n<\/div>\n<\/div>\n<\/div>\n\n<div class=\"et_pb_section_3 et_pb_section et_section_regular et_flex_section\">\n<div class=\"et_pb_row_8 et_pb_row et_flex_row\">\n<div class=\"et_pb_column_11 et_pb_column et_flex_column et_pb_css_mix_blend_mode_passthrough et_flex_column_24_24 et_flex_column_24_24_tablet et_flex_column_24_24_phone\">\n<div class=\"et_pb_text_2 et_pb_text et_pb_bg_layout_light et_pb_module et_flex_module\"><div class=\"et_pb_text_inner\"><h3>\u00dcber Kingperle<\/h3>\n<h2>Ihr <span class=\"gradient-word\">Premium Textilveredler<\/span><br \/>f\u00fcr h\u00f6chste Anspr\u00fcche<\/h2>\n<p>Seit \u00fcber 15 Jahren sind wir Ihr verl\u00e4sslicher Partner f\u00fcr Textilveredelung und Werbetechnik. Mit modernster Ausstattung und einem leidenschaftlichen Team realisieren wir Ihre Projekte \u2013 von der kleinen Visitenkarte bis zur gro\u00dffl\u00e4chigen Au\u00dfenwerbung.<\/p>\n<\/div><\/div>\n\n<ul class=\"et_pb_counters_0 et_pb_counters et-waypoint et_pb_bg_layout_light et_pb_module et_flex_module preset--module--divi-counters--juzv2rnaoy\">\n<li class=\"et_pb_counter_0 et_pb_counter\"><span class=\"et_pb_counter_title\">Kundenzufriedenheit<\/span><span class=\"et_pb_counter_container\"><span class=\"et_pb_counter_amount\" data-width=\"98%\"><span class=\"et_pb_counter_amount_number\"><span class=\"et_pb_counter_amount_number_inner\">98%<\/span><\/span><\/span><span class=\"et_pb_counter_amount overlay\" data-width=\"98%\"><span class=\"et_pb_counter_amount_number\"><span class=\"et_pb_counter_amount_number_inner\">98%<\/span><\/span><\/span><\/span><\/li>\n<\/ul>\n\n<ul class=\"et_pb_counters_1 et_pb_counters et-waypoint et_pb_bg_layout_light et_pb_module et_flex_module preset--module--divi-counters--juzv2rnaoy\">\n<li class=\"et_pb_counter_1 et_pb_counter\"><span class=\"et_pb_counter_title\">Termingenauigkeit<\/span><span class=\"et_pb_counter_container\"><span class=\"et_pb_counter_amount\" data-width=\"98%\"><span class=\"et_pb_counter_amount_number\"><span class=\"et_pb_counter_amount_number_inner\">98%<\/span><\/span><\/span><span class=\"et_pb_counter_amount overlay\" data-width=\"98%\"><span class=\"et_pb_counter_amount_number\"><span class=\"et_pb_counter_amount_number_inner\">98%<\/span><\/span><\/span><\/span><\/li>\n<\/ul>\n\n<ul class=\"et_pb_counters_2 et_pb_counters et-waypoint et_pb_bg_layout_light et_pb_module et_flex_module preset--module--divi-counters--juzv2rnaoy\">\n<li class=\"et_pb_counter_2 et_pb_counter\"><span class=\"et_pb_counter_title\">Qualit\u00e4tsstandard<\/span><span class=\"et_pb_counter_container\"><span class=\"et_pb_counter_amount\" data-width=\"100%\"><span class=\"et_pb_counter_amount_number\"><span class=\"et_pb_counter_amount_number_inner\">100%<\/span><\/span><\/span><span class=\"et_pb_counter_amount overlay\" data-width=\"100%\"><span class=\"et_pb_counter_amount_number\"><span class=\"et_pb_counter_amount_number_inner\">100%<\/span><\/span><\/span><\/span><\/li>\n<\/ul>\n<\/div>\n\n<div class=\"et_pb_column_12 et_pb_column et-last-child et_flex_column et_pb_css_mix_blend_mode_passthrough et_flex_column_24_24 et_flex_column_24_24_tablet et_flex_column_24_24_phone\">\n<div class=\"et_pb_image_1 et_pb_image et_animated et_pb_module et_flex_module\"><span class=\"et_pb_image_wrap\"><img loading=\"lazy\" decoding=\"async\" src=\"https:\/\/kingperle.website-kandel.de\/wp-content\/uploads\/2026\/02\/3-6eb76604-88d8-47bf-bdf6-95a8e7803761-512x512.jpg\" title=\"3-6eb76604-88d8-47bf-bdf6-95a8e7803761-512x512\" width=\"512\" height=\"512\" srcset=\"https:\/\/kingperle.website-kandel.de\/wp-content\/uploads\/2026\/02\/3-6eb76604-88d8-47bf-bdf6-95a8e7803761-512x512.jpg 512w, https:\/\/kingperle.website-kandel.de\/wp-content\/uploads\/2026\/02\/3-6eb76604-88d8-47bf-bdf6-95a8e7803761-512x512-480x480.jpg 480w\" sizes=\"(min-width: 0px) and (max-width: 480px) 480px, (min-width: 481px) 512px, 100vw\" class=\"wp-image-207\" \/><\/span><\/div>\n<\/div>\n<\/div>\n<\/div>\n\n<div class=\"et_pb_section_4 et_pb_section et_section_regular et_flex_section\">\n<div class=\"et_pb_row_9 et_pb_row et_flex_row\">\n<div class=\"et_pb_column_13 et_pb_column et-last-child et_flex_column et_pb_css_mix_blend_mode_passthrough et_flex_column_24_24 et_flex_column_24_24_tablet et_flex_column_24_24_phone\">\n<div class=\"et_pb_canvas_portal_0 et_pb_canvas_portal et_pb_module\"><\/div>\n<\/div>\n<\/div>\n<\/div>","protected":false},"excerpt":{"rendered":"","protected":false},"author":1,"featured_media":0,"parent":0,"menu_order":0,"comment_status":"closed","ping_status":"closed","template":"","meta":{"footnotes":""},"class_list":["post-19","page","type-page","status-publish","hentry"],"_links":{"self":[{"href":"https:\/\/kingperle.website-kandel.de\/index.php\/wp-json\/wp\/v2\/pages\/19","targetHints":{"allow":["GET"]}}],"collection":[{"href":"https:\/\/kingperle.website-kandel.de\/index.php\/wp-json\/wp\/v2\/pages"}],"about":[{"href":"https:\/\/kingperle.website-kandel.de\/index.php\/wp-json\/wp\/v2\/types\/page"}],"author":[{"embeddable":true,"href":"https:\/\/kingperle.website-kandel.de\/index.php\/wp-json\/wp\/v2\/users\/1"}],"replies":[{"embeddable":true,"href":"https:\/\/kingperle.website-kandel.de\/index.php\/wp-json\/wp\/v2\/comments?post=19"}],"version-history":[{"count":315,"href":"https:\/\/kingperle.website-kandel.de\/index.php\/wp-json\/wp\/v2\/pages\/19\/revisions"}],"predecessor-version":[{"id":841,"href":"https:\/\/kingperle.website-kandel.de\/index.php\/wp-json\/wp\/v2\/pages\/19\/revisions\/841"}],"wp:attachment":[{"href":"https:\/\/kingperle.website-kandel.de\/index.php\/wp-json\/wp\/v2\/media?parent=19"}],"curies":[{"name":"wp","href":"https:\/\/api.w.org\/{rel}","templated":true}]}}