{"id":159,"date":"2026-02-07T18:30:45","date_gmt":"2026-02-07T18:30:45","guid":{"rendered":"https:\/\/kingperle.website-kandel.de\/?page_id=159"},"modified":"2026-04-12T19:35:54","modified_gmt":"2026-04-12T19:35:54","slug":"werbetechnik","status":"publish","type":"page","link":"https:\/\/kingperle.website-kandel.de\/index.php\/werbetechnik\/","title":{"rendered":"Werbetechnik"},"content":{"rendered":"<div class=\"et_pb_section_0 et_pb_section et_section_regular et_flex_section\">\n<div class=\"et_pb_row_0 et_pb_row et_flex_row\">\n<div class=\"et_pb_column_0 et_pb_column et-last-child et_flex_column et_pb_css_mix_blend_mode_passthrough et_flex_column_24_24 et_flex_column_24_24_tablet et_flex_column_24_24_phone\">\n<div class=\"et_pb_heading_0 et_pb_heading et_pb_module et_block_module\"><div class=\"et_pb_heading_container\"><h3 class=\"et_pb_module_header\">Textilveredelung \u00b7 Werbetechnik \u00b7 Textilverkauf<\/h3><\/div><\/div>\n\n<div class=\"et_pb_heading_1 et_pb_heading et_pb_module et_block_module\"><div class=\"et_pb_heading_container\"><h1 class=\"et_pb_module_header\">Werbetechnik<\/h1><\/div><\/div>\n\n<div class=\"et_pb_heading_2 et_pb_heading et_pb_module et_block_module\"><div class=\"et_pb_heading_container\"><h3 class=\"et_pb_module_header\">in der S\u00fcdpfalz<\/h3><\/div><\/div>\n\n<div class=\"et_pb_text_0 et_pb_text et_pb_bg_layout_light et_pb_module et_block_module\"><div class=\"et_pb_text_inner\"><p>Deine Marke soll auffallen \u2013 auf der Stra\u00dfe, am Eingang, auf dem Firmenfahrzeug. Kingperle Design aus Rheinzabern realisiert professionelle Werbetechnik f\u00fcr Unternehmen, Vereine und Veranstaltungen in der gesamten S\u00fcdpfalz. Von der Planung bis zur Montage \u2013 alles aus einer Hand.<\/p>\n<\/div><\/div>\n\n<div class=\"et_pb_module et_pb_button_module_wrapper et_pb_button_0_wrapper preset--module--divi-button--default_wrapper\"><a class=\"et_pb_button_0 et_pb_button et_pb_bg_layout_light et_pb_module et_flex_module preset--module--divi-button--default\" href=\"\">Beratung in der S\u00fcdpfalz vereinbaren<\/a><\/div>\n\n<div class=\"et_pb_row_1 et_pb_row et_pb_row_nested et_flex_row\">\n<div class=\"et_pb_column_1 et_pb_column et-last-child et_flex_column et_pb_css_mix_blend_mode_passthrough et_flex_column_24_24 et_flex_column_24_24_tablet et_flex_column_24_24_phone\">\n<div class=\"et_pb_heading_3 et_pb_heading et_pb_module et_flex_module\"><div class=\"et_pb_heading_container\"><h2 class=\"et_pb_module_header\">Unsere Werbetechnik-Leistungen im \u00dcberblick<\/h2><\/div><\/div>\n\n<div class=\"et_pb_row_2 et_pb_row et_pb_row_nested et_block_row\">\n<div class=\"et_pb_column_2 et_pb_column et_pb_column_4_4 et-last-child et_flex_column et_pb_css_mix_blend_mode_passthrough\">\n<div class=\"et_pb_blurb_0 et_pb_blurb et_pb_bg_layout_light et_pb_blurb_position_top et_pb_module et_flex_module preset--module--divi-blurb--default\"><div class=\"et_pb_blurb_content et_flex_module\"><div class=\"et_pb_blurb_container\"><h3 class=\"et_pb_module_header\">Banner & Gro\u00dfformatdruck<\/h3><div class=\"et_pb_blurb_description\"><p>F\u00fcr Veranstaltungen, Bauz\u00e4une, Aktionen oder Au\u00dfenwerbung: Unsere Werbebanner im Gro\u00dfformat sind wetterfest, UV-best\u00e4ndig und in jeder Gr\u00f6\u00dfe erh\u00e4ltlich. Schnell produziert \u2013 auch kurzfristig.<\/p>\n<\/div><\/div><\/div><\/div>\n<\/div>\n<\/div>\n<\/div>\n<\/div>\n<\/div>\n<\/div>\n<\/div>","protected":false},"excerpt":{"rendered":"","protected":false},"author":1,"featured_media":0,"parent":0,"menu_order":0,"comment_status":"closed","ping_status":"closed","template":"","meta":{"footnotes":""},"class_list":["post-159","page","type-page","status-publish","hentry"],"_links":{"self":[{"href":"https:\/\/kingperle.website-kandel.de\/index.php\/wp-json\/wp\/v2\/pages\/159","targetHints":{"allow":["GET"]}}],"collection":[{"href":"https:\/\/kingperle.website-kandel.de\/index.php\/wp-json\/wp\/v2\/pages"}],"about":[{"href":"https:\/\/kingperle.website-kandel.de\/index.php\/wp-json\/wp\/v2\/types\/page"}],"author":[{"embeddable":true,"href":"https:\/\/kingperle.website-kandel.de\/index.php\/wp-json\/wp\/v2\/users\/1"}],"replies":[{"embeddable":true,"href":"https:\/\/kingperle.website-kandel.de\/index.php\/wp-json\/wp\/v2\/comments?post=159"}],"version-history":[{"count":12,"href":"https:\/\/kingperle.website-kandel.de\/index.php\/wp-json\/wp\/v2\/pages\/159\/revisions"}],"predecessor-version":[{"id":803,"href":"https:\/\/kingperle.website-kandel.de\/index.php\/wp-json\/wp\/v2\/pages\/159\/revisions\/803"}],"wp:attachment":[{"href":"https:\/\/kingperle.website-kandel.de\/index.php\/wp-json\/wp\/v2\/media?parent=159"}],"curies":[{"name":"wp","href":"https:\/\/api.w.org\/{rel}","templated":true}]}}